{"id":2796,"date":"2023-09-25T17:09:20","date_gmt":"2023-09-25T17:09:20","guid":{"rendered":"https:\/\/melanieroesen.de\/?page_id=2796"},"modified":"2023-09-28T18:55:01","modified_gmt":"2023-09-28T18:55:01","slug":"impressum","status":"publish","type":"page","link":"https:\/\/melanieroesen.de\/start\/impressum\/","title":{"rendered":"Impressum"},"content":{"rendered":"\t\t<div data-elementor-type=\"wp-page\" data-elementor-id=\"2796\" class=\"elementor elementor-2796\" data-elementor-post-type=\"page\">\n\t\t\t\t\t\t<section class=\"elementor-section elementor-top-section elementor-element elementor-element-0590ea5 elementor-section-boxed elementor-section-height-default elementor-section-height-default\" data-id=\"0590ea5\" data-element_type=\"section\" data-e-type=\"section\">\n\t\t\t\t\t\t<div class=\"elementor-container elementor-column-gap-default\">\n\t\t\t\t\t<div class=\"elementor-column elementor-col-100 elementor-top-column elementor-element elementor-element-cc3264b\" data-id=\"cc3264b\" data-element_type=\"column\" data-e-type=\"column\">\n\t\t\t<div class=\"elementor-widget-wrap elementor-element-populated\">\n\t\t\t\t\t\t<div class=\"elementor-element elementor-element-6073326 elementor-widget elementor-widget-spacer\" data-id=\"6073326\" data-element_type=\"widget\" data-e-type=\"widget\" data-widget_type=\"spacer.default\">\n\t\t\t\t<div class=\"elementor-widget-container\">\n\t\t\t\t\t\t\t<div class=\"elementor-spacer\">\n\t\t\t<div class=\"elementor-spacer-inner\"><\/div>\n\t\t<\/div>\n\t\t\t\t\t\t<\/div>\n\t\t\t\t<\/div>\n\t\t\t\t\t<\/div>\n\t\t<\/div>\n\t\t\t\t\t<\/div>\n\t\t<\/section>\n\t\t\t\t<section class=\"elementor-section elementor-top-section elementor-element elementor-element-cd80507 elementor-section-boxed elementor-section-height-default elementor-section-height-default\" data-id=\"cd80507\" data-element_type=\"section\" data-e-type=\"section\">\n\t\t\t\t\t\t<div class=\"elementor-container elementor-column-gap-default\">\n\t\t\t\t\t<div class=\"elementor-column elementor-col-100 elementor-top-column elementor-element elementor-element-457e233\" data-id=\"457e233\" data-element_type=\"column\" data-e-type=\"column\">\n\t\t\t<div class=\"elementor-widget-wrap elementor-element-populated\">\n\t\t\t\t\t\t<div class=\"elementor-element elementor-element-d063047 elementor-widget elementor-widget-heading\" data-id=\"d063047\" data-element_type=\"widget\" data-e-type=\"widget\" data-widget_type=\"heading.default\">\n\t\t\t\t<div class=\"elementor-widget-container\">\n\t\t\t\t\t<h2 class=\"elementor-heading-title elementor-size-default\">impRessum<\/h2>\t\t\t\t<\/div>\n\t\t\t\t<\/div>\n\t\t\t\t<div class=\"elementor-element elementor-element-dd01495 elementor-widget elementor-widget-text-editor\" data-id=\"dd01495\" data-element_type=\"widget\" data-e-type=\"widget\" data-widget_type=\"text-editor.default\">\n\t\t\t\t<div class=\"elementor-widget-container\">\n\t\t\t\t\t\t\t\t\t<p>Melanie R\u00f6sen Fotografie<\/p><p>Melanie R\u00f6sen<\/p><p>info@melanieroesen.de<\/p><p>015259532961<\/p><p>\u00a0<\/p>\t\t\t\t\t\t\t\t<\/div>\n\t\t\t\t<\/div>\n\t\t\t\t\t<\/div>\n\t\t<\/div>\n\t\t\t\t\t<\/div>\n\t\t<\/section>\n\t\t\t\t<\/div>\n\t\t","protected":false},"excerpt":{"rendered":"<p>impRessum Melanie R\u00f6sen Fotografie Melanie R\u00f6sen info@melanieroesen.de 015259532961 \u00a0<\/p>\n","protected":false},"author":1,"featured_media":0,"parent":0,"menu_order":0,"comment_status":"closed","ping_status":"closed","template":"","meta":{"footnotes":""},"class_list":["post-2796","page","type-page","status-publish","hentry"],"yoast_head":"<!-- This site is optimized with the Yoast SEO plugin v27.3 - https:\/\/yoast.com\/product\/yoast-seo-wordpress\/ -->\n<title>Impressum - Melanie R\u00f6sen Fotografie<\/title>\n<meta name=\"robots\" content=\"index, follow, max-snippet:-1, max-image-preview:large, max-video-preview:-1\" \/>\n<link rel=\"canonical\" href=\"https:\/\/melanieroesen.de\/start\/impressum\/\" \/>\n<meta property=\"og:locale\" content=\"de_DE\" \/>\n<meta property=\"og:type\" content=\"article\" \/>\n<meta property=\"og:title\" content=\"Impressum - Melanie R\u00f6sen Fotografie\" \/>\n<meta property=\"og:description\" content=\"impRessum Melanie R\u00f6sen Fotografie Melanie R\u00f6sen info@melanieroesen.de 015259532961 \u00a0\" \/>\n<meta property=\"og:url\" content=\"https:\/\/melanieroesen.de\/start\/impressum\/\" \/>\n<meta property=\"og:site_name\" content=\"Melanie R\u00f6sen Fotografie\" \/>\n<meta property=\"article:modified_time\" content=\"2023-09-28T18:55:01+00:00\" \/>\n<meta name=\"twitter:card\" content=\"summary_large_image\" \/>\n<meta name=\"twitter:label1\" content=\"Gesch\u00e4tzte Lesezeit\" \/>\n\t<meta name=\"twitter:data1\" content=\"1\u00a0Minute\" \/>\n<script type=\"application\/ld+json\" class=\"yoast-schema-graph\">{\"@context\":\"https:\\\/\\\/schema.org\",\"@graph\":[{\"@type\":\"WebPage\",\"@id\":\"https:\\\/\\\/melanieroesen.de\\\/start\\\/impressum\\\/\",\"url\":\"https:\\\/\\\/melanieroesen.de\\\/start\\\/impressum\\\/\",\"name\":\"Impressum - Melanie R\u00f6sen Fotografie\",\"isPartOf\":{\"@id\":\"https:\\\/\\\/melanieroesen.de\\\/start\\\/#website\"},\"datePublished\":\"2023-09-25T17:09:20+00:00\",\"dateModified\":\"2023-09-28T18:55:01+00:00\",\"breadcrumb\":{\"@id\":\"https:\\\/\\\/melanieroesen.de\\\/start\\\/impressum\\\/#breadcrumb\"},\"inLanguage\":\"de\",\"potentialAction\":[{\"@type\":\"ReadAction\",\"target\":[\"https:\\\/\\\/melanieroesen.de\\\/start\\\/impressum\\\/\"]}]},{\"@type\":\"BreadcrumbList\",\"@id\":\"https:\\\/\\\/melanieroesen.de\\\/start\\\/impressum\\\/#breadcrumb\",\"itemListElement\":[{\"@type\":\"ListItem\",\"position\":1,\"name\":\"Startseite\",\"item\":\"https:\\\/\\\/melanieroesen.de\\\/start\\\/\"},{\"@type\":\"ListItem\",\"position\":2,\"name\":\"Impressum\"}]},{\"@type\":\"WebSite\",\"@id\":\"https:\\\/\\\/melanieroesen.de\\\/start\\\/#website\",\"url\":\"https:\\\/\\\/melanieroesen.de\\\/start\\\/\",\"name\":\"Melanie R\u00f6sen Fotografie\",\"description\":\"Tier- und Portraitfotografie NRW\",\"publisher\":{\"@id\":\"https:\\\/\\\/melanieroesen.de\\\/start\\\/#\\\/schema\\\/person\\\/1b0e5d976cac72844d96bdbe174ff444\"},\"potentialAction\":[{\"@type\":\"SearchAction\",\"target\":{\"@type\":\"EntryPoint\",\"urlTemplate\":\"https:\\\/\\\/melanieroesen.de\\\/start\\\/?s={search_term_string}\"},\"query-input\":{\"@type\":\"PropertyValueSpecification\",\"valueRequired\":true,\"valueName\":\"search_term_string\"}}],\"inLanguage\":\"de\"},{\"@type\":[\"Person\",\"Organization\"],\"@id\":\"https:\\\/\\\/melanieroesen.de\\\/start\\\/#\\\/schema\\\/person\\\/1b0e5d976cac72844d96bdbe174ff444\",\"name\":\"admin\",\"image\":{\"@type\":\"ImageObject\",\"inLanguage\":\"de\",\"@id\":\"https:\\\/\\\/melanieroesen.de\\\/wp-content\\\/uploads\\\/2022\\\/12\\\/LOGO_MELANIE-ROESEN-FOTOGRAFIE_SCHWARZ.png\",\"url\":\"https:\\\/\\\/melanieroesen.de\\\/wp-content\\\/uploads\\\/2022\\\/12\\\/LOGO_MELANIE-ROESEN-FOTOGRAFIE_SCHWARZ.png\",\"contentUrl\":\"https:\\\/\\\/melanieroesen.de\\\/wp-content\\\/uploads\\\/2022\\\/12\\\/LOGO_MELANIE-ROESEN-FOTOGRAFIE_SCHWARZ.png\",\"width\":729,\"height\":142,\"caption\":\"admin\"},\"logo\":{\"@id\":\"https:\\\/\\\/melanieroesen.de\\\/wp-content\\\/uploads\\\/2022\\\/12\\\/LOGO_MELANIE-ROESEN-FOTOGRAFIE_SCHWARZ.png\"},\"sameAs\":[\"https:\\\/\\\/melanieroesen.de\",\"https:\\\/\\\/www.instagram.com\\\/melanie_rsn\\\/\"]}]}<\/script>\n<!-- \/ Yoast SEO plugin. -->","yoast_head_json":{"title":"Impressum - Melanie R\u00f6sen Fotografie","robots":{"index":"index","follow":"follow","max-snippet":"max-snippet:-1","max-image-preview":"max-image-preview:large","max-video-preview":"max-video-preview:-1"},"canonical":"https:\/\/melanieroesen.de\/start\/impressum\/","og_locale":"de_DE","og_type":"article","og_title":"Impressum - Melanie R\u00f6sen Fotografie","og_description":"impRessum Melanie R\u00f6sen Fotografie Melanie R\u00f6sen info@melanieroesen.de 015259532961 \u00a0","og_url":"https:\/\/melanieroesen.de\/start\/impressum\/","og_site_name":"Melanie R\u00f6sen Fotografie","article_modified_time":"2023-09-28T18:55:01+00:00","twitter_card":"summary_large_image","twitter_misc":{"Gesch\u00e4tzte Lesezeit":"1\u00a0Minute"},"schema":{"@context":"https:\/\/schema.org","@graph":[{"@type":"WebPage","@id":"https:\/\/melanieroesen.de\/start\/impressum\/","url":"https:\/\/melanieroesen.de\/start\/impressum\/","name":"Impressum - Melanie R\u00f6sen Fotografie","isPartOf":{"@id":"https:\/\/melanieroesen.de\/start\/#website"},"datePublished":"2023-09-25T17:09:20+00:00","dateModified":"2023-09-28T18:55:01+00:00","breadcrumb":{"@id":"https:\/\/melanieroesen.de\/start\/impressum\/#breadcrumb"},"inLanguage":"de","potentialAction":[{"@type":"ReadAction","target":["https:\/\/melanieroesen.de\/start\/impressum\/"]}]},{"@type":"BreadcrumbList","@id":"https:\/\/melanieroesen.de\/start\/impressum\/#breadcrumb","itemListElement":[{"@type":"ListItem","position":1,"name":"Startseite","item":"https:\/\/melanieroesen.de\/start\/"},{"@type":"ListItem","position":2,"name":"Impressum"}]},{"@type":"WebSite","@id":"https:\/\/melanieroesen.de\/start\/#website","url":"https:\/\/melanieroesen.de\/start\/","name":"Melanie R\u00f6sen Fotografie","description":"Tier- und Portraitfotografie NRW","publisher":{"@id":"https:\/\/melanieroesen.de\/start\/#\/schema\/person\/1b0e5d976cac72844d96bdbe174ff444"},"potentialAction":[{"@type":"SearchAction","target":{"@type":"EntryPoint","urlTemplate":"https:\/\/melanieroesen.de\/start\/?s={search_term_string}"},"query-input":{"@type":"PropertyValueSpecification","valueRequired":true,"valueName":"search_term_string"}}],"inLanguage":"de"},{"@type":["Person","Organization"],"@id":"https:\/\/melanieroesen.de\/start\/#\/schema\/person\/1b0e5d976cac72844d96bdbe174ff444","name":"admin","image":{"@type":"ImageObject","inLanguage":"de","@id":"https:\/\/melanieroesen.de\/wp-content\/uploads\/2022\/12\/LOGO_MELANIE-ROESEN-FOTOGRAFIE_SCHWARZ.png","url":"https:\/\/melanieroesen.de\/wp-content\/uploads\/2022\/12\/LOGO_MELANIE-ROESEN-FOTOGRAFIE_SCHWARZ.png","contentUrl":"https:\/\/melanieroesen.de\/wp-content\/uploads\/2022\/12\/LOGO_MELANIE-ROESEN-FOTOGRAFIE_SCHWARZ.png","width":729,"height":142,"caption":"admin"},"logo":{"@id":"https:\/\/melanieroesen.de\/wp-content\/uploads\/2022\/12\/LOGO_MELANIE-ROESEN-FOTOGRAFIE_SCHWARZ.png"},"sameAs":["https:\/\/melanieroesen.de","https:\/\/www.instagram.com\/melanie_rsn\/"]}]}},"_links":{"self":[{"href":"https:\/\/melanieroesen.de\/start\/wp-json\/wp\/v2\/pages\/2796","targetHints":{"allow":["GET"]}}],"collection":[{"href":"https:\/\/melanieroesen.de\/start\/wp-json\/wp\/v2\/pages"}],"about":[{"href":"https:\/\/melanieroesen.de\/start\/wp-json\/wp\/v2\/types\/page"}],"author":[{"embeddable":true,"href":"https:\/\/melanieroesen.de\/start\/wp-json\/wp\/v2\/users\/1"}],"replies":[{"embeddable":true,"href":"https:\/\/melanieroesen.de\/start\/wp-json\/wp\/v2\/comments?post=2796"}],"version-history":[{"count":7,"href":"https:\/\/melanieroesen.de\/start\/wp-json\/wp\/v2\/pages\/2796\/revisions"}],"predecessor-version":[{"id":3126,"href":"https:\/\/melanieroesen.de\/start\/wp-json\/wp\/v2\/pages\/2796\/revisions\/3126"}],"wp:attachment":[{"href":"https:\/\/melanieroesen.de\/start\/wp-json\/wp\/v2\/media?parent=2796"}],"curies":[{"name":"wp","href":"https:\/\/api.w.org\/{rel}","templated":true}]}}